{"id":7,"date":"2021-09-17T07:30:36","date_gmt":"2021-09-17T05:30:36","guid":{"rendered":"http:\/\/194.48.213.92\/?page_id=7"},"modified":"2021-09-17T07:32:17","modified_gmt":"2021-09-17T05:32:17","slug":"om","status":"publish","type":"page","link":"http:\/\/www.knaborg.se\/index.php\/om\/","title":{"rendered":"Om"},"content":{"rendered":"\n<p>H\u00e4r kommer vi snart att ber\u00e4tta lite mer om oss sj\u00e4lva.<\/p>\n","protected":false},"excerpt":{"rendered":"<p>H\u00e4r kommer vi snart att ber\u00e4tta lite mer om oss sj\u00e4lva.<\/p>\n","protected":false},"author":1,"featured_media":0,"parent":0,"menu_order":0,"comment_status":"closed","ping_status":"closed","template":"","meta":{"site-sidebar-layout":"default","site-content-layout":"default","ast-global-header-display":"","ast-main-header-display":"","ast-hfb-above-header-display":"","ast-hfb-below-header-display":"","ast-hfb-mobile-header-display":"","site-post-title":"","ast-breadcrumbs-content":"","ast-featured-img":"","footer-sml-layout":"","theme-transparent-header-meta":"","adv-header-id-meta":"","stick-header-meta":"","header-above-stick-meta":"","header-main-stick-meta":"","header-below-stick-meta":""},"_links":{"self":[{"href":"http:\/\/www.knaborg.se\/index.php\/wp-json\/wp\/v2\/pages\/7"}],"collection":[{"href":"http:\/\/www.knaborg.se\/index.php\/wp-json\/wp\/v2\/pages"}],"about":[{"href":"http:\/\/www.knaborg.se\/index.php\/wp-json\/wp\/v2\/types\/page"}],"author":[{"embeddable":true,"href":"http:\/\/www.knaborg.se\/index.php\/wp-json\/wp\/v2\/users\/1"}],"replies":[{"embeddable":true,"href":"http:\/\/www.knaborg.se\/index.php\/wp-json\/wp\/v2\/comments?post=7"}],"version-history":[{"count":2,"href":"http:\/\/www.knaborg.se\/index.php\/wp-json\/wp\/v2\/pages\/7\/revisions"}],"predecessor-version":[{"id":23,"href":"http:\/\/www.knaborg.se\/index.php\/wp-json\/wp\/v2\/pages\/7\/revisions\/23"}],"wp:attachment":[{"href":"http:\/\/www.knaborg.se\/index.php\/wp-json\/wp\/v2\/media?parent=7"}],"curies":[{"name":"wp","href":"https:\/\/api.w.org\/{rel}","templated":true}]}}