{"id":8,"date":"2021-09-17T07:30:36","date_gmt":"2021-09-17T05:30:36","guid":{"rendered":"http:\/\/194.48.213.92\/?page_id=8"},"modified":"2021-09-17T07:30:36","modified_gmt":"2021-09-17T05:30:36","slug":"kontakt","status":"publish","type":"page","link":"http:\/\/www.knaborg.se\/index.php\/kontakt\/","title":{"rendered":"Kontakt"},"content":{"rendered":"\n<p>Detta \u00e4r en sida med viss grundl\u00e4ggande kontaktinformation, s\u00e5som adress och telefonnummer. Du kan \u00e4ven prova n\u00e5got till\u00e4gg f\u00f6r att l\u00e4gga till ett kontaktformul\u00e4r.<\/p>\n","protected":false},"excerpt":{"rendered":"<p>Detta \u00e4r en sida med viss grundl\u00e4ggande kontaktinformation, s\u00e5som adress och telefonnummer. Du kan \u00e4ven prova n\u00e5got till\u00e4gg f\u00f6r att l\u00e4gga till ett kontaktformul\u00e4r.<\/p>\n","protected":false},"author":1,"featured_media":0,"parent":0,"menu_order":0,"comment_status":"closed","ping_status":"closed","template":"","meta":{"site-sidebar-layout":"default","site-content-layout":"default","ast-global-header-display":"","ast-main-header-display":"","ast-hfb-above-header-display":"","ast-hfb-below-header-display":"","ast-hfb-mobile-header-display":"","site-post-title":"","ast-breadcrumbs-content":"","ast-featured-img":"","footer-sml-layout":"","theme-transparent-header-meta":"","adv-header-id-meta":"","stick-header-meta":"","header-above-stick-meta":"","header-main-stick-meta":"","header-below-stick-meta":""},"_links":{"self":[{"href":"http:\/\/www.knaborg.se\/index.php\/wp-json\/wp\/v2\/pages\/8"}],"collection":[{"href":"http:\/\/www.knaborg.se\/index.php\/wp-json\/wp\/v2\/pages"}],"about":[{"href":"http:\/\/www.knaborg.se\/index.php\/wp-json\/wp\/v2\/types\/page"}],"author":[{"embeddable":true,"href":"http:\/\/www.knaborg.se\/index.php\/wp-json\/wp\/v2\/users\/1"}],"replies":[{"embeddable":true,"href":"http:\/\/www.knaborg.se\/index.php\/wp-json\/wp\/v2\/comments?post=8"}],"version-history":[{"count":1,"href":"http:\/\/www.knaborg.se\/index.php\/wp-json\/wp\/v2\/pages\/8\/revisions"}],"predecessor-version":[{"id":13,"href":"http:\/\/www.knaborg.se\/index.php\/wp-json\/wp\/v2\/pages\/8\/revisions\/13"}],"wp:attachment":[{"href":"http:\/\/www.knaborg.se\/index.php\/wp-json\/wp\/v2\/media?parent=8"}],"curies":[{"name":"wp","href":"https:\/\/api.w.org\/{rel}","templated":true}]}}